{"id":7,"date":"2012-11-06T10:46:07","date_gmt":"2012-11-06T08:46:07","guid":{"rendered":"http:\/\/www.rock4.net\/?page_id=7"},"modified":"2012-11-07T18:32:15","modified_gmt":"2012-11-07T16:32:15","slug":"impressum","status":"publish","type":"page","link":"https:\/\/www.rock4.net\/?page_id=7","title":{"rendered":"Impressum"},"content":{"rendered":"<p>Rock4 singt f\u00fcr einen guten Zweck. Wir engagieren uns f\u00fcr den Verein &#8220;Hilfe f\u00fcr Indien&#8221; e.V., verwaltet von unserem Bandmitglieder, Dr. Ralf Pineda. Mehr Info dazu hier: http:\/\/www.dr-pineda.de\/hilfsprojekte-mithilfe.html<\/p>\n<p>Den Webmaster erreichen Sie unter r4@rock4.net.<\/p>\n<p><strong><br \/>\n<\/strong><\/p>\n","protected":false},"excerpt":{"rendered":"<p>Rock4 singt f\u00fcr einen guten Zweck. Wir engagieren uns f\u00fcr den Verein &#8220;Hilfe f\u00fcr Indien&#8221; e.V., verwaltet von unserem Bandmitglieder, Dr. Ralf Pineda. Mehr Info dazu hier: http:\/\/www.dr-pineda.de\/hilfsprojekte-mithilfe.html Den Webmaster erreichen Sie unter r4@rock4.net.<\/p>\n","protected":false},"author":1,"featured_media":0,"parent":0,"menu_order":0,"comment_status":"open","ping_status":"open","template":"","meta":{"footnotes":""},"class_list":["post-7","page","type-page","status-publish","hentry"],"_links":{"self":[{"href":"https:\/\/www.rock4.net\/index.php?rest_route=\/wp\/v2\/pages\/7","targetHints":{"allow":["GET"]}}],"collection":[{"href":"https:\/\/www.rock4.net\/index.php?rest_route=\/wp\/v2\/pages"}],"about":[{"href":"https:\/\/www.rock4.net\/index.php?rest_route=\/wp\/v2\/types\/page"}],"author":[{"embeddable":true,"href":"https:\/\/www.rock4.net\/index.php?rest_route=\/wp\/v2\/users\/1"}],"replies":[{"embeddable":true,"href":"https:\/\/www.rock4.net\/index.php?rest_route=%2Fwp%2Fv2%2Fcomments&post=7"}],"version-history":[{"count":4,"href":"https:\/\/www.rock4.net\/index.php?rest_route=\/wp\/v2\/pages\/7\/revisions"}],"predecessor-version":[{"id":24,"href":"https:\/\/www.rock4.net\/index.php?rest_route=\/wp\/v2\/pages\/7\/revisions\/24"}],"wp:attachment":[{"href":"https:\/\/www.rock4.net\/index.php?rest_route=%2Fwp%2Fv2%2Fmedia&parent=7"}],"curies":[{"name":"wp","href":"https:\/\/api.w.org\/{rel}","templated":true}]}}